{"id":207,"date":"2024-09-16T09:54:55","date_gmt":"2024-09-16T07:54:55","guid":{"rendered":"https:\/\/mruizsvt.fr\/?page_id=207"},"modified":"2024-09-16T10:59:15","modified_gmt":"2024-09-16T08:59:15","slug":"1-3-la-terre-et-son-atmosphere","status":"publish","type":"page","link":"https:\/\/mruizsvt.fr\/index.php\/6-eme\/chapitre-1-le-systeme-solaire\/1-3-la-terre-et-son-atmosphere\/","title":{"rendered":"1.3 La Terre et son atmosphere"},"content":{"rendered":"\n<p class=\"has-accent-4-color has-text-color has-link-color wp-elements-66db4014935d9f9a7f9f616dbe695550\">Qu\u2019est-ce que l\u2019atmosph\u00e8re et Comment favorise-t-elle la pr\u00e9sence d\u2019eau liquide sur Terre&nbsp;?<\/p>\n\n\n\n<blockquote class=\"wp-block-quote is-layout-flow wp-block-quote-is-layout-flow\">\n<p class=\"has-text-align-center\"><strong>Exercice classe<\/strong><\/p>\n\n\n\n<p>Vid\u00e9o1 : <a href=\"https:\/\/lesfondamentaux.reseau-canope.fr\/video\/sciences-et-technologie\/le-ciel-et-la-terre\/le-systeme-solaire\/terre-la-planete-bleue\">https:\/\/lesfondamentaux.reseau-canope.fr\/video\/sciences-et-technologie\/le-ciel-et-la-terre\/le-systeme-solaire\/terre-la-planete-bleue<\/a><\/p>\n\n\n\n<p>Vid\u00e9o 2 : <a href=\"https:\/\/www.lumni.fr\/video\/c-est-quoi-l-effet-de-serre\">https:\/\/www.lumni.fr\/video\/c-est-quoi-l-effet-de-serre<\/a><\/p>\n<\/blockquote>\n\n\n\n<p>A l&rsquo;aide des deux videos r\u00e9pondre \u00e0 la probl\u00e9matique<\/p>\n\n\n\n<blockquote class=\"wp-block-quote is-layout-flow wp-block-quote-is-layout-flow\">\n<p class=\"has-text-align-center\">Bilan<\/p>\n<\/blockquote>\n\n\n\n<p class=\"has-accent-3-color has-text-color has-link-color wp-elements-4c39a5fc2c422584d35be5d119f6a787\">Bilan&nbsp;: L\u2019atmosph\u00e8re permet de conserver une partie des rayons du soleil permettant d\u2019augmenter la temp\u00e9rature sur Terre (environ 15\u00b0C) et ainsi d\u2019avoir de l\u2019eau sous forme liquide. Cet effet est appel\u00e9 l\u2019effet de serre.<br><br>Atmosph\u00e8re&nbsp;: couche de gaz entourant une plan\u00e8te ou une \u00e9toile<\/p>\n\n\n\n<p class=\"has-accent-3-color has-text-color has-link-color wp-elements-5980c79001eade2ed086c8129e27619f\"><\/p>\n\n\n\n<p class=\"has-accent-3-color has-text-color has-link-color wp-elements-227e08a45352a51e159b3c0f3ef820e7\"><strong><br><\/strong><\/p>\n","protected":false},"excerpt":{"rendered":"<p>Qu\u2019est-ce que l\u2019atmosph\u00e8re et Comment favorise-t-elle la pr\u00e9sence d\u2019eau liquide sur Terre&nbsp;? Exercice classe Vid\u00e9o1 : https:\/\/lesfondamentaux.reseau-canope.fr\/video\/sciences-et-technologie\/le-ciel-et-la-terre\/le-systeme-solaire\/terre-la-planete-bleue Vid\u00e9o 2 : https:\/\/www.lumni.fr\/video\/c-est-quoi-l-effet-de-serre A l&rsquo;aide des deux videos r\u00e9pondre \u00e0 la probl\u00e9matique Bilan Bilan&nbsp;: L\u2019atmosph\u00e8re permet de conserver une partie des rayons du soleil permettant d\u2019augmenter la temp\u00e9rature sur Terre (environ 15\u00b0C) et ainsi d\u2019avoir de l\u2019eau [&hellip;]<\/p>\n","protected":false},"author":1,"featured_media":0,"parent":194,"menu_order":0,"comment_status":"closed","ping_status":"closed","template":"","meta":{"footnotes":""},"class_list":["post-207","page","type-page","status-publish","hentry"],"_links":{"self":[{"href":"https:\/\/mruizsvt.fr\/index.php\/wp-json\/wp\/v2\/pages\/207","targetHints":{"allow":["GET"]}}],"collection":[{"href":"https:\/\/mruizsvt.fr\/index.php\/wp-json\/wp\/v2\/pages"}],"about":[{"href":"https:\/\/mruizsvt.fr\/index.php\/wp-json\/wp\/v2\/types\/page"}],"author":[{"embeddable":true,"href":"https:\/\/mruizsvt.fr\/index.php\/wp-json\/wp\/v2\/users\/1"}],"replies":[{"embeddable":true,"href":"https:\/\/mruizsvt.fr\/index.php\/wp-json\/wp\/v2\/comments?post=207"}],"version-history":[{"count":6,"href":"https:\/\/mruizsvt.fr\/index.php\/wp-json\/wp\/v2\/pages\/207\/revisions"}],"predecessor-version":[{"id":217,"href":"https:\/\/mruizsvt.fr\/index.php\/wp-json\/wp\/v2\/pages\/207\/revisions\/217"}],"up":[{"embeddable":true,"href":"https:\/\/mruizsvt.fr\/index.php\/wp-json\/wp\/v2\/pages\/194"}],"wp:attachment":[{"href":"https:\/\/mruizsvt.fr\/index.php\/wp-json\/wp\/v2\/media?parent=207"}],"curies":[{"name":"wp","href":"https:\/\/api.w.org\/{rel}","templated":true}]}}