{"id":202,"date":"2024-09-16T09:44:42","date_gmt":"2024-09-16T07:44:42","guid":{"rendered":"https:\/\/mruizsvt.fr\/?page_id=202"},"modified":"2024-09-16T09:48:49","modified_gmt":"2024-09-16T07:48:49","slug":"lapparition-de-la-vie-sur-terre","status":"publish","type":"page","link":"https:\/\/mruizsvt.fr\/index.php\/6-eme\/chapitre-1-le-systeme-solaire\/lapparition-de-la-vie-sur-terre\/","title":{"rendered":"1.2 L\u2019apparition de la vie sur Terre"},"content":{"rendered":"\n<p class=\"has-accent-4-color has-text-color has-link-color wp-elements-cf4cd005198149547ac07d975bfc6c8f\">Pourquoi la vie est actuellement pr\u00e9sente sur Terre et pas sur les autres plan\u00e8tes de notre syst\u00e8me&nbsp;solaire&nbsp;?<\/p>\n\n\n\n<blockquote class=\"wp-block-quote is-layout-flow wp-block-quote-is-layout-flow\">\n<p class=\"has-text-align-center\"><strong>Exercice classe<\/strong><\/p>\n\n\n\n<div data-wp-interactive=\"core\/file\" class=\"wp-block-file\"><object data-wp-bind--hidden=\"!state.hasPdfPreview\" hidden class=\"wp-block-file__embed\" data=\"https:\/\/mruizsvt.fr\/wp-content\/uploads\/2024\/09\/p288-289-1.pdf\" type=\"application\/pdf\" style=\"width:100%;height:600px\" aria-label=\"Contenu embarqu\u00e9 p288-289 (1).\"><\/object><a id=\"wp-block-file--media-0b18264a-3b0d-4b55-b953-af9149e4910e\" href=\"https:\/\/mruizsvt.fr\/wp-content\/uploads\/2024\/09\/p288-289-1.pdf\">p288-289 (1)<\/a><a href=\"https:\/\/mruizsvt.fr\/wp-content\/uploads\/2024\/09\/p288-289-1.pdf\" class=\"wp-block-file__button wp-element-button\" download aria-describedby=\"wp-block-file--media-0b18264a-3b0d-4b55-b953-af9149e4910e\">T\u00e9l\u00e9charger<\/a><\/div>\n<\/blockquote>\n\n\n\n<blockquote class=\"wp-block-quote is-layout-flow wp-block-quote-is-layout-flow\">\n<p class=\"has-text-align-center\">Correction\u00a0<\/p>\n<\/blockquote>\n\n\n\n<p>1.&nbsp;&nbsp;&nbsp;&nbsp;&nbsp; Les conditions qui favorisent la vie sont la pr\u00e9sence d\u2019eau liquide<\/p>\n\n\n\n<p>2.&nbsp;&nbsp;&nbsp;&nbsp;&nbsp; Les chocolats repr\u00e9sentent des plan\u00e8tes et la bougie repr\u00e9sente le soleil. (cercle = orbite)<br><br>Le chocolat proche de la bougie fond alors que celui qui est \u00e9loign\u00e9 reste normal. La temp\u00e9rature est donc influenc\u00e9 par la distance au soleil .<\/p>\n\n\n\n<p>3.&nbsp;&nbsp;&nbsp;&nbsp;&nbsp; Mercure et Venus sont si proches du soleil que l\u2019eau liquide ne peut pas y \u00eatre pr\u00e9sente, il ne peut donc pas y avoir de vie<\/p>\n\n\n\n<p>4.&nbsp;&nbsp;&nbsp;&nbsp;&nbsp; Pour avoir de l\u2019eau liquide il faut une atmosph\u00e8re \u00e9paisse et une temp\u00e9rature comprise en 0\u00b0C et 100\u00b0C<\/p>\n\n\n\n<p>5.&nbsp;&nbsp;&nbsp;&nbsp;&nbsp; Les trois conditions qui permettent l\u2019apparition de la vie sont&nbsp;:<br>Une atmosph\u00e8re<br>Une temp\u00e9rature moyenne de 15\u00b0C<br>La pr\u00e9sence d\u2019eau liquide<\/p>\n\n\n\n<blockquote class=\"wp-block-quote is-layout-flow wp-block-quote-is-layout-flow\">\n<p class=\"has-text-align-center\">Bilan<\/p>\n<\/blockquote>\n\n\n\n<p class=\"has-accent-3-color has-text-color has-link-color wp-elements-89ffc5d1da38a78f225cd8e61a346fbb\">Bilan\u00a0: La vie est apparue sur Terre gr\u00e2ce \u00e0 la pr\u00e9sence d\u2019eau liquide, pr\u00e9sence possible gr\u00e2ce\u00a0:<\/p>\n\n\n\n<p class=\"has-accent-3-color has-text-color has-link-color wp-elements-6f4a59eeb0db5bd21d9380902196cafe\">&#8211; A la temp\u00e9rature de 15\u00b0C<\/p>\n\n\n\n<p class=\"has-accent-3-color has-text-color has-link-color wp-elements-475c84b4253d7b1fed31829444077481\">&#8211; Une bonne distance au Soleil<\/p>\n\n\n\n<p class=\"has-accent-3-color has-text-color has-link-color wp-elements-9dc594277d8356587d751ea24f953700\">&#8211; Une atmosph\u00e8re \u00e9paisse<strong><br><\/strong><\/p>\n","protected":false},"excerpt":{"rendered":"<p>Pourquoi la vie est actuellement pr\u00e9sente sur Terre et pas sur les autres plan\u00e8tes de notre syst\u00e8me&nbsp;solaire&nbsp;? Correction\u00a0 1.&nbsp;&nbsp;&nbsp;&nbsp;&nbsp; Les conditions qui favorisent la vie sont la pr\u00e9sence d\u2019eau liquide 2.&nbsp;&nbsp;&nbsp;&nbsp;&nbsp; Les chocolats repr\u00e9sentent des plan\u00e8tes et la bougie repr\u00e9sente le soleil. (cercle = orbite) Le chocolat proche de la bougie fond alors que celui [&hellip;]<\/p>\n","protected":false},"author":1,"featured_media":0,"parent":194,"menu_order":0,"comment_status":"closed","ping_status":"closed","template":"","meta":{"footnotes":""},"class_list":["post-202","page","type-page","status-publish","hentry"],"_links":{"self":[{"href":"https:\/\/mruizsvt.fr\/index.php\/wp-json\/wp\/v2\/pages\/202","targetHints":{"allow":["GET"]}}],"collection":[{"href":"https:\/\/mruizsvt.fr\/index.php\/wp-json\/wp\/v2\/pages"}],"about":[{"href":"https:\/\/mruizsvt.fr\/index.php\/wp-json\/wp\/v2\/types\/page"}],"author":[{"embeddable":true,"href":"https:\/\/mruizsvt.fr\/index.php\/wp-json\/wp\/v2\/users\/1"}],"replies":[{"embeddable":true,"href":"https:\/\/mruizsvt.fr\/index.php\/wp-json\/wp\/v2\/comments?post=202"}],"version-history":[{"count":2,"href":"https:\/\/mruizsvt.fr\/index.php\/wp-json\/wp\/v2\/pages\/202\/revisions"}],"predecessor-version":[{"id":205,"href":"https:\/\/mruizsvt.fr\/index.php\/wp-json\/wp\/v2\/pages\/202\/revisions\/205"}],"up":[{"embeddable":true,"href":"https:\/\/mruizsvt.fr\/index.php\/wp-json\/wp\/v2\/pages\/194"}],"wp:attachment":[{"href":"https:\/\/mruizsvt.fr\/index.php\/wp-json\/wp\/v2\/media?parent=202"}],"curies":[{"name":"wp","href":"https:\/\/api.w.org\/{rel}","templated":true}]}}