{"id":198,"date":"2024-09-16T09:10:49","date_gmt":"2024-09-16T07:10:49","guid":{"rendered":"https:\/\/mruizsvt.fr\/?page_id=198"},"modified":"2024-09-16T09:49:07","modified_gmt":"2024-09-16T07:49:07","slug":"la-terre-dans-le-systeme-solaire","status":"publish","type":"page","link":"https:\/\/mruizsvt.fr\/index.php\/6-eme\/chapitre-1-le-systeme-solaire\/la-terre-dans-le-systeme-solaire\/","title":{"rendered":"1.1 La Terre dans le syst\u00e8me solaire"},"content":{"rendered":"\n<p class=\"has-accent-4-color has-text-color has-link-color wp-elements-9d92471272da044d01fd1954ed1fb70d\">O\u00f9 est situ\u00e9e la Terre dans le syst\u00e8me solaire&nbsp;?<\/p>\n\n\n\n<blockquote class=\"wp-block-quote is-layout-flow wp-block-quote-is-layout-flow\">\n<p class=\"has-text-align-center\"><strong>Exercice classe<\/strong><\/p>\n\n\n\n<div data-wp-interactive=\"core\/file\" class=\"wp-block-file\"><object data-wp-bind--hidden=\"!state.hasPdfPreview\" hidden class=\"wp-block-file__embed\" data=\"https:\/\/mruizsvt.fr\/wp-content\/uploads\/2024\/09\/Activite-1-Caracteritique-Terre.pdf\" type=\"application\/pdf\" style=\"width:100%;height:600px\" aria-label=\"Contenu embarqu\u00e9 Activit\u00e9 1 - Caract\u00e9ritique Terre.\"><\/object><a id=\"wp-block-file--media-a3a9eb1e-7845-4944-bf47-ae334d71e85d\" href=\"https:\/\/mruizsvt.fr\/wp-content\/uploads\/2024\/09\/Activite-1-Caracteritique-Terre.pdf\">Activit\u00e9 1 &#8211; Caract\u00e9ritique Terre<\/a><a href=\"https:\/\/mruizsvt.fr\/wp-content\/uploads\/2024\/09\/Activite-1-Caracteritique-Terre.pdf\" class=\"wp-block-file__button wp-element-button\" download aria-describedby=\"wp-block-file--media-a3a9eb1e-7845-4944-bf47-ae334d71e85d\">T\u00e9l\u00e9charger<\/a><\/div>\n<\/blockquote>\n\n\n\n<blockquote class=\"wp-block-quote is-layout-flow wp-block-quote-is-layout-flow\">\n<p class=\"has-text-align-center\">Correction<\/p>\n<\/blockquote>\n\n\n\n<p>1.&nbsp;&nbsp;&nbsp;&nbsp; La Terre est situ\u00e9e en troisi\u00e8me position \u00e0 partir du Soleil, \u00e0 150 millions de km, entre Venus et Mars.<\/p>\n\n\n\n<p>2.&nbsp;&nbsp;&nbsp;&nbsp; La terre est plus grande que Mercure, Venus et Mars, et plus petite que Jupiter, Saturne, Uranus et Neptune<\/p>\n\n\n\n<p>3.&nbsp;&nbsp;&nbsp;&nbsp; La surface de la Terre est de type solide<\/p>\n\n\n\n<p>4.&nbsp;&nbsp;&nbsp;&nbsp; La distance Terre-soleil est d\u2019environ 150 millions de km<\/p>\n\n\n\n<p class=\"has-accent-3-color has-text-color has-link-color wp-elements-5980c79001eade2ed086c8129e27619f\"><\/p>\n\n\n\n<p><\/p>\n\n\n\n<blockquote class=\"wp-block-quote is-layout-flow wp-block-quote-is-layout-flow\">\n<p class=\"has-text-align-center\">Bilan<\/p>\n<\/blockquote>\n\n\n\n<p class=\"has-accent-3-color has-text-color has-link-color wp-elements-e862790f1d6967f49281477c5cfde5cb\">Bilan\u00a0: La Terre est la troisi\u00e8me des huit plan\u00e8tes du syst\u00e8me solaire tournant autour de notre \u00e9toile\u00a0: le Soleil. Elle est de type solide\/rocheuse.<\/p>\n\n\n\n<p class=\"has-accent-3-color has-text-color has-link-color wp-elements-227e08a45352a51e159b3c0f3ef820e7\"><strong><br><\/strong><\/p>\n","protected":false},"excerpt":{"rendered":"<p>O\u00f9 est situ\u00e9e la Terre dans le syst\u00e8me solaire&nbsp;? Correction 1.&nbsp;&nbsp;&nbsp;&nbsp; La Terre est situ\u00e9e en troisi\u00e8me position \u00e0 partir du Soleil, \u00e0 150 millions de km, entre Venus et Mars. 2.&nbsp;&nbsp;&nbsp;&nbsp; La terre est plus grande que Mercure, Venus et Mars, et plus petite que Jupiter, Saturne, Uranus et Neptune 3.&nbsp;&nbsp;&nbsp;&nbsp; La surface de [&hellip;]<\/p>\n","protected":false},"author":1,"featured_media":0,"parent":194,"menu_order":0,"comment_status":"closed","ping_status":"closed","template":"","meta":{"footnotes":""},"class_list":["post-198","page","type-page","status-publish","hentry"],"_links":{"self":[{"href":"https:\/\/mruizsvt.fr\/index.php\/wp-json\/wp\/v2\/pages\/198","targetHints":{"allow":["GET"]}}],"collection":[{"href":"https:\/\/mruizsvt.fr\/index.php\/wp-json\/wp\/v2\/pages"}],"about":[{"href":"https:\/\/mruizsvt.fr\/index.php\/wp-json\/wp\/v2\/types\/page"}],"author":[{"embeddable":true,"href":"https:\/\/mruizsvt.fr\/index.php\/wp-json\/wp\/v2\/users\/1"}],"replies":[{"embeddable":true,"href":"https:\/\/mruizsvt.fr\/index.php\/wp-json\/wp\/v2\/comments?post=198"}],"version-history":[{"count":2,"href":"https:\/\/mruizsvt.fr\/index.php\/wp-json\/wp\/v2\/pages\/198\/revisions"}],"predecessor-version":[{"id":206,"href":"https:\/\/mruizsvt.fr\/index.php\/wp-json\/wp\/v2\/pages\/198\/revisions\/206"}],"up":[{"embeddable":true,"href":"https:\/\/mruizsvt.fr\/index.php\/wp-json\/wp\/v2\/pages\/194"}],"wp:attachment":[{"href":"https:\/\/mruizsvt.fr\/index.php\/wp-json\/wp\/v2\/media?parent=198"}],"curies":[{"name":"wp","href":"https:\/\/api.w.org\/{rel}","templated":true}]}}