{"id":181,"date":"2024-09-10T10:28:48","date_gmt":"2024-09-10T08:28:48","guid":{"rendered":"https:\/\/mruizsvt.fr\/?page_id=181"},"modified":"2024-09-10T11:00:37","modified_gmt":"2024-09-10T09:00:37","slug":"1-2-comment-les-micro-organismes-penetrent-ils-dans-notre-corps","status":"publish","type":"page","link":"https:\/\/mruizsvt.fr\/index.php\/3-eme\/chapitre-1-immunologie\/1-2-comment-les-micro-organismes-penetrent-ils-dans-notre-corps\/","title":{"rendered":"1.2 Comment les micro-organismes penetrent-ils dans notre corps ?"},"content":{"rendered":"\n<blockquote class=\"wp-block-quote is-layout-flow wp-block-quote-is-layout-flow\">\n<p class=\"has-text-align-center\"><strong>Exercice classe<\/strong><\/p>\n\n\n\n<div data-wp-interactive=\"core\/file\" class=\"wp-block-file\"><object data-wp-bind--hidden=\"!state.hasPdfPreview\" hidden class=\"wp-block-file__embed\" data=\"https:\/\/mruizsvt.fr\/wp-content\/uploads\/2024\/09\/immunoActivite3.pdf\" type=\"application\/pdf\" style=\"width:100%;height:600px\" aria-label=\"Contenu embarqu\u00e9 immunoActivit\u00e93.\"><\/object><a id=\"wp-block-file--media-979ce6eb-a148-42c9-b12c-dd759a161228\" href=\"https:\/\/mruizsvt.fr\/wp-content\/uploads\/2024\/09\/immunoActivite3.pdf\">immunoActivit\u00e93<\/a><a href=\"https:\/\/mruizsvt.fr\/wp-content\/uploads\/2024\/09\/immunoActivite3.pdf\" class=\"wp-block-file__button wp-element-button\" download aria-describedby=\"wp-block-file--media-979ce6eb-a148-42c9-b12c-dd759a161228\">T\u00e9l\u00e9charger<\/a><\/div>\n<\/blockquote>\n\n\n\n<blockquote class=\"wp-block-quote is-layout-flow wp-block-quote-is-layout-flow\">\n<p class=\"has-text-align-center\">Correction<\/p>\n<\/blockquote>\n\n\n\n<figure class=\"wp-block-table\"><table class=\"has-fixed-layout\"><tbody><tr><td><strong>&nbsp;<\/strong> <strong>Maladies<\/strong> <strong>&nbsp;<\/strong><\/td><td>Tetanos<\/td><td>Meningite<\/td><td>IST ( SIDA, \u2026)<\/td><td>List\u00e9riose<\/td><\/tr><tr><td><strong>&nbsp;<\/strong> <strong>Micro-organisme responsable<\/strong> <strong>&nbsp;<\/strong><\/td><td>Clostridium tetani (bacterie)<\/td><td>Meningocoque (bacterie)<\/td><td>Syphilis, clamidia, hepatite, gonocoque, VIH<\/td><td>Listeria<\/td><\/tr><tr><td><strong>&nbsp;<\/strong> <strong>Modes de contamination<\/strong> <strong>&nbsp;<\/strong><\/td><td>Blessure sur de la rouille ou des v\u00e9g\u00e9taux<\/td><td>Bais\u00e9 sur la bouche, ou rapprochement de deux personnes<\/td><td>Rapport sexuel non prot\u00e9g\u00e9, transfert de sang<\/td><td>Aliment mal cuit ou mal conserv\u00e9<\/td><\/tr><tr><td><strong>&nbsp;<\/strong> <strong>Lieu de p\u00e9n\u00e9tration dans le corps<\/strong> <strong>&nbsp;<\/strong><\/td><td>Par la peau<\/td><td>Muqueuse de la bouche, du nez et des poumons<\/td><td>Muqueuse anale,muqueuse vaginale, buccale et ut\u00e9rine, peau(seringue)<\/td><td>Muqueuse digestive<\/td><\/tr><tr><td><strong>&nbsp;<\/strong> <strong>Pr\u00e9cautions \u00e0 suivre pour \u00e9viter la contamination<\/strong> <strong>&nbsp;<\/strong><\/td><td>Vaccination<\/td><td>Prise de m\u00e9dicament et isolement<\/td><td>Pr\u00e9servatif, test de d\u00e9pistage<\/td><td>Bien cuire et conserve convenablement<\/td><\/tr><\/tbody><\/table><\/figure>\n\n\n\n<blockquote class=\"wp-block-quote is-layout-flow wp-block-quote-is-layout-flow\">\n<p class=\"has-text-align-center\">Bilan<\/p>\n<\/blockquote>\n\n\n\n<p class=\"has-accent-3-color has-text-color has-link-color wp-elements-c54fdef6a6a69d1fa077485a41111d38\"><strong>Bilan&nbsp;: <\/strong>De nombreux micro-organismes peuvent penetrer dans notre corps on parle alors de <strong>contamination<\/strong><\/p>\n\n\n\n<p class=\"has-accent-3-color has-text-color has-link-color wp-elements-227e08a45352a51e159b3c0f3ef820e7\"><strong><br><\/strong><\/p>\n","protected":false},"excerpt":{"rendered":"<p>Correction &nbsp; Maladies &nbsp; Tetanos Meningite IST ( SIDA, \u2026) List\u00e9riose &nbsp; Micro-organisme responsable &nbsp; Clostridium tetani (bacterie) Meningocoque (bacterie) Syphilis, clamidia, hepatite, gonocoque, VIH Listeria &nbsp; Modes de contamination &nbsp; Blessure sur de la rouille ou des v\u00e9g\u00e9taux Bais\u00e9 sur la bouche, ou rapprochement de deux personnes Rapport sexuel non prot\u00e9g\u00e9, transfert de sang [&hellip;]<\/p>\n","protected":false},"author":1,"featured_media":0,"parent":58,"menu_order":0,"comment_status":"closed","ping_status":"closed","template":"","meta":{"footnotes":""},"class_list":["post-181","page","type-page","status-publish","hentry"],"_links":{"self":[{"href":"https:\/\/mruizsvt.fr\/index.php\/wp-json\/wp\/v2\/pages\/181","targetHints":{"allow":["GET"]}}],"collection":[{"href":"https:\/\/mruizsvt.fr\/index.php\/wp-json\/wp\/v2\/pages"}],"about":[{"href":"https:\/\/mruizsvt.fr\/index.php\/wp-json\/wp\/v2\/types\/page"}],"author":[{"embeddable":true,"href":"https:\/\/mruizsvt.fr\/index.php\/wp-json\/wp\/v2\/users\/1"}],"replies":[{"embeddable":true,"href":"https:\/\/mruizsvt.fr\/index.php\/wp-json\/wp\/v2\/comments?post=181"}],"version-history":[{"count":2,"href":"https:\/\/mruizsvt.fr\/index.php\/wp-json\/wp\/v2\/pages\/181\/revisions"}],"predecessor-version":[{"id":184,"href":"https:\/\/mruizsvt.fr\/index.php\/wp-json\/wp\/v2\/pages\/181\/revisions\/184"}],"up":[{"embeddable":true,"href":"https:\/\/mruizsvt.fr\/index.php\/wp-json\/wp\/v2\/pages\/58"}],"wp:attachment":[{"href":"https:\/\/mruizsvt.fr\/index.php\/wp-json\/wp\/v2\/media?parent=181"}],"curies":[{"name":"wp","href":"https:\/\/api.w.org\/{rel}","templated":true}]}}