{"id":175,"date":"2024-09-05T08:57:11","date_gmt":"2024-09-05T06:57:11","guid":{"rendered":"https:\/\/mruizsvt.fr\/?page_id=175"},"modified":"2024-09-05T08:57:12","modified_gmt":"2024-09-05T06:57:12","slug":"1-1-quels-sont-les-micro-organismes-qui-nous-entourent","status":"publish","type":"page","link":"https:\/\/mruizsvt.fr\/index.php\/3-eme\/chapitre-1-immunologie\/1-1-quels-sont-les-micro-organismes-qui-nous-entourent\/","title":{"rendered":"1.1 Quels sont les micro-organismes qui nous entourent\u00a0?"},"content":{"rendered":"\n<blockquote class=\"wp-block-quote is-layout-flow wp-block-quote-is-layout-flow\">\n<p class=\"has-text-align-center\"><strong>Exercice classe<\/strong><\/p>\n\n\n\n<div data-wp-interactive=\"core\/file\" class=\"wp-block-file\"><object data-wp-bind--hidden=\"!state.hasPdfPreview\" hidden class=\"wp-block-file__embed\" data=\"https:\/\/mruizsvt.fr\/wp-content\/uploads\/2024\/09\/immuno-exo1.pdf\" type=\"application\/pdf\" style=\"width:100%;height:600px\" aria-label=\"Contenu embarqu\u00e9 immuno exo1.\"><\/object><a id=\"wp-block-file--media-cfb231d0-0e76-42a1-8023-fb296936024c\" href=\"https:\/\/mruizsvt.fr\/wp-content\/uploads\/2024\/09\/immuno-exo1.pdf\">immuno exo1<\/a><a href=\"https:\/\/mruizsvt.fr\/wp-content\/uploads\/2024\/09\/immuno-exo1.pdf\" class=\"wp-block-file__button wp-element-button\" download aria-describedby=\"wp-block-file--media-cfb231d0-0e76-42a1-8023-fb296936024c\">T\u00e9l\u00e9charger<\/a><\/div>\n<\/blockquote>\n\n\n\n<blockquote class=\"wp-block-quote is-layout-flow wp-block-quote-is-layout-flow\">\n<p class=\"has-text-align-center\">Correction<\/p>\n<\/blockquote>\n\n\n\n<ol class=\"wp-block-list\">\n<li>A <strong>l\u2019aide des documents<\/strong>, montre que les micro-organismes pr\u00e9sentent une grande diversit\u00e9.<\/li>\n<\/ol>\n\n\n\n<ol class=\"wp-block-list\"><\/ol>\n\n\n\n<p>On trouve 7000 types de bact\u00e9ries sur nos t\u00e9l\u00e9phones ont observe donc une grande diversit\u00e9 d\u2019\u00eatres vivants microscopiques.<\/p>\n\n\n\n<p><\/p>\n\n\n\n<p>2. Tous les micro-organismes sont ils dangereux pour l\u2019esp\u00e8ce humaine\u00a0?<\/p>\n\n\n\n<ol class=\"wp-block-list\"><\/ol>\n\n\n\n<p>L\u2019exp\u00e9rience chez les souris nous montre que sans micro-organismes les souris ont 20 \u00e0 30% d\u2019\u00e9nergie en moins ces micro-organismes les aident donc \u00e0 dig\u00e9rer.<\/p>\n\n\n\n<p>Tous les micro-organismes ne sont donc pas dangereux<\/p>\n\n\n\n<p><\/p>\n\n\n\n<p>3. A l\u2019aide du document 3, compare les bact\u00e9ries et les virus du point de vue de leur <strong>taille<\/strong> et de leur fa\u00e7on de se <strong>reproduire<\/strong>. Pour cela, tu utiliseras les photos et les \u00e9chelles pour calculer leur taille en microm\u00e8tres (\u00b5m).<\/p>\n\n\n\n<figure class=\"wp-block-table\"><table class=\"has-fixed-layout\"><tbody><tr><td>Bact\u00e9rie<\/td><td>Virus<\/td><\/tr><tr><td>Se multiplie par elle-m\u00eame dans le sang<\/td><td>Parasite des cellule pour se reproduire ( rentre dans une cellule pour utiliser son mat\u00e9riel g\u00e9n\u00e9tique)<\/td><\/tr><tr><td>2.50 um<\/td><td>0.12 um<\/td><\/tr><\/tbody><\/table><figcaption class=\"wp-element-caption\">Tableau r\u00e9ponse<\/figcaption><\/figure>\n\n\n\n<p><\/p>\n\n\n\n<p>4. A l\u2019aide la page 386 indique quels organes du corps humain h\u00e9bergent des bact\u00e9ries<\/p>\n\n\n\n<p>Les organes qui h\u00e9bergent des bact\u00e9ries sont&nbsp;: Le syst\u00e8me digestif, la bouche, le syst\u00e8me respiratoire, la peau, les zones g\u00e9nitales<\/p>\n\n\n\n<p><\/p>\n\n\n\n<blockquote class=\"wp-block-quote is-layout-flow wp-block-quote-is-layout-flow\">\n<p class=\"has-text-align-center\">Bilan<\/p>\n<\/blockquote>\n\n\n\n<p class=\"has-accent-3-color has-text-color has-link-color wp-elements-dd78da9d3e9d839d862a69df13322d0b\"><strong>Bilan&nbsp;: De nombreux microorganismes sont en permanence en contact de l\u2019organisme et pr\u00e9sent dans notre environnement.<\/strong><\/p>\n\n\n\n<p class=\"has-accent-3-color has-text-color has-link-color wp-elements-7ce6a4decf39ac5dd8992699cde24935\"><strong>Certains microbes sont inoffensifs, d\u2019autres sont responsables de maladies ce sont les micro-organismes pathog\u00e8nes.<\/strong><\/p>\n\n\n\n<p class=\"has-accent-3-color has-text-color has-link-color wp-elements-227e08a45352a51e159b3c0f3ef820e7\"><strong><br><\/strong><\/p>\n","protected":false},"excerpt":{"rendered":"<p>Correction On trouve 7000 types de bact\u00e9ries sur nos t\u00e9l\u00e9phones ont observe donc une grande diversit\u00e9 d\u2019\u00eatres vivants microscopiques. 2. Tous les micro-organismes sont ils dangereux pour l\u2019esp\u00e8ce humaine\u00a0? L\u2019exp\u00e9rience chez les souris nous montre que sans micro-organismes les souris ont 20 \u00e0 30% d\u2019\u00e9nergie en moins ces micro-organismes les aident donc \u00e0 dig\u00e9rer. Tous [&hellip;]<\/p>\n","protected":false},"author":1,"featured_media":0,"parent":58,"menu_order":0,"comment_status":"closed","ping_status":"closed","template":"","meta":{"footnotes":""},"class_list":["post-175","page","type-page","status-publish","hentry"],"_links":{"self":[{"href":"https:\/\/mruizsvt.fr\/index.php\/wp-json\/wp\/v2\/pages\/175","targetHints":{"allow":["GET"]}}],"collection":[{"href":"https:\/\/mruizsvt.fr\/index.php\/wp-json\/wp\/v2\/pages"}],"about":[{"href":"https:\/\/mruizsvt.fr\/index.php\/wp-json\/wp\/v2\/types\/page"}],"author":[{"embeddable":true,"href":"https:\/\/mruizsvt.fr\/index.php\/wp-json\/wp\/v2\/users\/1"}],"replies":[{"embeddable":true,"href":"https:\/\/mruizsvt.fr\/index.php\/wp-json\/wp\/v2\/comments?post=175"}],"version-history":[{"count":1,"href":"https:\/\/mruizsvt.fr\/index.php\/wp-json\/wp\/v2\/pages\/175\/revisions"}],"predecessor-version":[{"id":177,"href":"https:\/\/mruizsvt.fr\/index.php\/wp-json\/wp\/v2\/pages\/175\/revisions\/177"}],"up":[{"embeddable":true,"href":"https:\/\/mruizsvt.fr\/index.php\/wp-json\/wp\/v2\/pages\/58"}],"wp:attachment":[{"href":"https:\/\/mruizsvt.fr\/index.php\/wp-json\/wp\/v2\/media?parent=175"}],"curies":[{"name":"wp","href":"https:\/\/api.w.org\/{rel}","templated":true}]}}