{"id":136,"date":"2024-04-05T14:32:42","date_gmt":"2024-04-05T12:32:42","guid":{"rendered":"https:\/\/mruizsvt.fr\/?page_id=136"},"modified":"2025-03-05T10:00:48","modified_gmt":"2025-03-05T09:00:48","slug":"3-3-activite-conditions-climatiques-et-peuplement-des-especes","status":"publish","type":"page","link":"https:\/\/mruizsvt.fr\/index.php\/3-eme\/chapitre-3-evolution-des-especes\/3-3-activite-conditions-climatiques-et-peuplement-des-especes\/","title":{"rendered":"3.3 Activit\u00e9 : Conditions climatiques et peuplement des esp\u00e8ces"},"content":{"rendered":"\n<blockquote class=\"wp-block-quote is-layout-flow wp-block-quote-is-layout-flow\">\n<p>Exercice<\/p>\n<\/blockquote>\n\n\n\n<div data-wp-interactive=\"core\/file\" class=\"wp-block-file\"><object data-wp-bind--hidden=\"!state.hasPdfPreview\" hidden class=\"wp-block-file__embed\" data=\"https:\/\/mruizsvt.fr\/wp-content\/uploads\/2024\/04\/3.3-climat.pdf\" type=\"application\/pdf\" style=\"width:100%;height:600px\" aria-label=\"Contenu embarqu\u00e9 3.3-climat.\"><\/object><a id=\"wp-block-file--media-73ce6d56-405a-4610-9ed2-c81eb624a4e3\" href=\"https:\/\/mruizsvt.fr\/wp-content\/uploads\/2024\/04\/3.3-climat.pdf\">3.3-climat<\/a><a href=\"https:\/\/mruizsvt.fr\/wp-content\/uploads\/2024\/04\/3.3-climat.pdf\" class=\"wp-block-file__button wp-element-button\" download aria-describedby=\"wp-block-file--media-73ce6d56-405a-4610-9ed2-c81eb624a4e3\">T\u00e9l\u00e9charger<\/a><\/div>\n\n\n\n<blockquote class=\"wp-block-quote is-layout-flow wp-block-quote-is-layout-flow\">\n<p>Correction<\/p>\n<\/blockquote>\n\n\n\n<ol class=\"wp-block-list\">\n<li>Les glaciers ont diminu\u00e9 au cours du temps.<br><\/li>\n\n\n\n<li>La superficie des terres \u00e9merg\u00e9es a diminu\u00e9 au cours des temps.<br><\/li>\n\n\n\n<li>Les conditions climatiques influencent la quantit\u00e9 de glace au pole et ainsi que le niveau de la mer. En effet plus les conditions climatiques sont froides plus il y a de glace et ainsi plus il y a de terres \u00e9merg\u00e9es car le niveau de l\u2019eau est plus bas et inversement<br>En cas de r\u00e9chauffement climatique le niveau des eaux continuerait \u00e0 augmenter car les glaciers au pole vont fondre et ainsi le niveau de l\u2019eau augmenter, ceci r\u00e9duisant les terres \u00e9merg\u00e9es<br><\/li>\n\n\n\n<li>La pr\u00e9sence de renne indique que le climat \u00e9tait plus froid en France il y a 20000 ans en effet les rennes vivent sous\u00a0 des conditions plus froides.<br><\/li>\n\n\n\n<li>La pr\u00e9sence d&rsquo;hippopotame peut indiquer que le climat \u00e9tait plus chaud<\/li>\n<\/ol>\n\n\n\n<blockquote class=\"wp-block-quote is-layout-flow wp-block-quote-is-layout-flow\">\n<p>Bilan<\/p>\n<\/blockquote>\n\n\n\n<p><mark style=\"background-color:rgba(0, 0, 0, 0)\" class=\"has-inline-color has-accent-3-color\">Au cours des temps g\u00e9ologiques, le climat de la Terre\u00a0 a profond\u00e9ment chang\u00e9, ces modifications climatiques entra\u00eenent des bouleversements parmi les peuplements animaux et v\u00e9g\u00e9taux\u00a0: d\u00e9placement, extinction des esp\u00e8ces existantes, apparition de nouvelles esp\u00e8ces adapt\u00e9es aux nouvelles conditions climatiques si il y a des mutations qui apparaissent.<\/mark><\/p>\n","protected":false},"excerpt":{"rendered":"<p>Exercice Correction Bilan Au cours des temps g\u00e9ologiques, le climat de la Terre\u00a0 a profond\u00e9ment chang\u00e9, ces modifications climatiques entra\u00eenent des bouleversements parmi les peuplements animaux et v\u00e9g\u00e9taux\u00a0: d\u00e9placement, extinction des esp\u00e8ces existantes, apparition de nouvelles esp\u00e8ces adapt\u00e9es aux nouvelles conditions climatiques si il y a des mutations qui apparaissent.<\/p>\n","protected":false},"author":1,"featured_media":0,"parent":62,"menu_order":0,"comment_status":"closed","ping_status":"closed","template":"","meta":{"footnotes":""},"class_list":["post-136","page","type-page","status-publish","hentry"],"_links":{"self":[{"href":"https:\/\/mruizsvt.fr\/index.php\/wp-json\/wp\/v2\/pages\/136","targetHints":{"allow":["GET"]}}],"collection":[{"href":"https:\/\/mruizsvt.fr\/index.php\/wp-json\/wp\/v2\/pages"}],"about":[{"href":"https:\/\/mruizsvt.fr\/index.php\/wp-json\/wp\/v2\/types\/page"}],"author":[{"embeddable":true,"href":"https:\/\/mruizsvt.fr\/index.php\/wp-json\/wp\/v2\/users\/1"}],"replies":[{"embeddable":true,"href":"https:\/\/mruizsvt.fr\/index.php\/wp-json\/wp\/v2\/comments?post=136"}],"version-history":[{"count":1,"href":"https:\/\/mruizsvt.fr\/index.php\/wp-json\/wp\/v2\/pages\/136\/revisions"}],"predecessor-version":[{"id":138,"href":"https:\/\/mruizsvt.fr\/index.php\/wp-json\/wp\/v2\/pages\/136\/revisions\/138"}],"up":[{"embeddable":true,"href":"https:\/\/mruizsvt.fr\/index.php\/wp-json\/wp\/v2\/pages\/62"}],"wp:attachment":[{"href":"https:\/\/mruizsvt.fr\/index.php\/wp-json\/wp\/v2\/media?parent=136"}],"curies":[{"name":"wp","href":"https:\/\/api.w.org\/{rel}","templated":true}]}}