{"id":111,"date":"2024-04-05T11:03:11","date_gmt":"2024-04-05T09:03:11","guid":{"rendered":"https:\/\/mruizsvt.fr\/?page_id=111"},"modified":"2025-03-05T10:00:34","modified_gmt":"2025-03-05T09:00:34","slug":"activite-10-modelisation-de-la-selection-naturelle","status":"publish","type":"page","link":"https:\/\/mruizsvt.fr\/index.php\/3-eme\/chapitre-3-evolution-des-especes\/activite-10-modelisation-de-la-selection-naturelle\/","title":{"rendered":"2.5 Activit\u00e9 : Mod\u00e9lisation de la s\u00e9lection naturelle"},"content":{"rendered":"\n<blockquote class=\"wp-block-quote is-layout-flow wp-block-quote-is-layout-flow\">\n<p>Exercice<\/p>\n<\/blockquote>\n\n\n\n<div data-wp-interactive=\"core\/file\" class=\"wp-block-file\"><object data-wp-bind--hidden=\"!state.hasPdfPreview\" hidden class=\"wp-block-file__embed\" data=\"https:\/\/mruizsvt.fr\/wp-content\/uploads\/2024\/04\/Activite10.pdf\" type=\"application\/pdf\" style=\"width:100%;height:600px\" aria-label=\"Contenu embarqu\u00e9 Activite10.\"><\/object><a id=\"wp-block-file--media-5d553d79-423c-4a52-9a5a-e493245cbfbf\" href=\"https:\/\/mruizsvt.fr\/wp-content\/uploads\/2024\/04\/Activite10.pdf\">Activite10<\/a><a href=\"https:\/\/mruizsvt.fr\/wp-content\/uploads\/2024\/04\/Activite10.pdf\" class=\"wp-block-file__button wp-element-button\" download aria-describedby=\"wp-block-file--media-5d553d79-423c-4a52-9a5a-e493245cbfbf\">T\u00e9l\u00e9charger<\/a><\/div>\n\n\n\n<blockquote class=\"wp-block-quote is-layout-flow wp-block-quote-is-layout-flow\">\n<p>Correction &amp; Bilan<\/p>\n<\/blockquote>\n\n\n\n<div data-wp-interactive=\"core\/file\" class=\"wp-block-file\"><object data-wp-bind--hidden=\"!state.hasPdfPreview\" hidden class=\"wp-block-file__embed\" data=\"https:\/\/mruizsvt.fr\/wp-content\/uploads\/2024\/04\/act-10-correction.pdf\" type=\"application\/pdf\" style=\"width:100%;height:600px\" aria-label=\"Contenu embarqu\u00e9 act-10-correction.\"><\/object><a id=\"wp-block-file--media-5b38e20d-e8ec-400f-bc34-9fe2ad2e0427\" href=\"https:\/\/mruizsvt.fr\/wp-content\/uploads\/2024\/04\/act-10-correction.pdf\">act-10-correction<\/a><a href=\"https:\/\/mruizsvt.fr\/wp-content\/uploads\/2024\/04\/act-10-correction.pdf\" class=\"wp-block-file__button wp-element-button\" download aria-describedby=\"wp-block-file--media-5b38e20d-e8ec-400f-bc34-9fe2ad2e0427\">T\u00e9l\u00e9charger<\/a><\/div>\n","protected":false},"excerpt":{"rendered":"<p>Exercice Correction &amp; Bilan<\/p>\n","protected":false},"author":1,"featured_media":0,"parent":62,"menu_order":0,"comment_status":"closed","ping_status":"closed","template":"","meta":{"footnotes":""},"class_list":["post-111","page","type-page","status-publish","hentry"],"_links":{"self":[{"href":"https:\/\/mruizsvt.fr\/index.php\/wp-json\/wp\/v2\/pages\/111","targetHints":{"allow":["GET"]}}],"collection":[{"href":"https:\/\/mruizsvt.fr\/index.php\/wp-json\/wp\/v2\/pages"}],"about":[{"href":"https:\/\/mruizsvt.fr\/index.php\/wp-json\/wp\/v2\/types\/page"}],"author":[{"embeddable":true,"href":"https:\/\/mruizsvt.fr\/index.php\/wp-json\/wp\/v2\/users\/1"}],"replies":[{"embeddable":true,"href":"https:\/\/mruizsvt.fr\/index.php\/wp-json\/wp\/v2\/comments?post=111"}],"version-history":[{"count":2,"href":"https:\/\/mruizsvt.fr\/index.php\/wp-json\/wp\/v2\/pages\/111\/revisions"}],"predecessor-version":[{"id":129,"href":"https:\/\/mruizsvt.fr\/index.php\/wp-json\/wp\/v2\/pages\/111\/revisions\/129"}],"up":[{"embeddable":true,"href":"https:\/\/mruizsvt.fr\/index.php\/wp-json\/wp\/v2\/pages\/62"}],"wp:attachment":[{"href":"https:\/\/mruizsvt.fr\/index.php\/wp-json\/wp\/v2\/media?parent=111"}],"curies":[{"name":"wp","href":"https:\/\/api.w.org\/{rel}","templated":true}]}}